{"id":2,"date":"2017-03-22T21:23:52","date_gmt":"2017-03-22T21:23:52","guid":{"rendered":"http:\/\/192.168.1.162\/nzbusinesssale\/?page_id=2"},"modified":"2026-04-17T14:15:45","modified_gmt":"2026-04-17T02:15:45","slug":"business-for-sale","status":"publish","type":"page","link":"https:\/\/nzbusinesssale.co.nz\/nz\/","title":{"rendered":"\u9996\u9875"},"content":{"rendered":"<div style=\"margin-top: 0px; margin-bottom: 0px;\" class=\"sharethis-inline-share-buttons\" ><\/div><div style=\"overflow: hidden; height: 1px; width: 1px;\">\n<h2>Kingmaker AT \u2013 Majest\u00e4tisches Online-Gaming<\/h2>\n<p><a href=\"https:\/\/kingmaker-at.at\/\">Kingmaker Casino<\/a> ist der perfekte Ort f\u00fcr alle, die k\u00f6nigliche Behandlung sch\u00e4tzen. Von Slots bis Live-Casino ist alles vorhanden.<\/p>\n<p>Die Benutzeroberfl\u00e4che ist elegant gestaltet und erm\u00f6glicht einfache Navigation zu allen Spielkategorien.<\/p>\n<\/div>\n<div style=\"position: absolute; top: -9999px; left: -9999px;\">Aloita pelailu helposti: <a href=\"https:\/\/onecasino-suomi.com\/\">one casino tervetuliaisbonus<\/a> vie sinut suoraan sivustolle.<\/div>\n<div style=\"position: absolute; top: -9999px; left: -9999px;\">Kun haluat selke\u00e4n kokonaiskuvan, siirry <a href=\"https:\/\/one-kasino.fi\/\">one casino promokoodi<\/a> ja lue lis\u00e4\u00e4.<\/div>\n<div style=\"position: absolute; top: -9999px; left: -9999px;\">Pelit, bonukset ja s\u00e4\u00e4nn\u00f6t yhdest\u00e4 osoitteesta: <a href=\"https:\/\/hillocasinosuomi.com\/\">hillo casino turvallisuus<\/a>.<\/div>\n<div style=\"position: absolute; top: -9999px; left: -9999px;\">Nopea linkki kasinolle: <a href=\"https:\/\/lumo-kasino.fi\/\">lumo casino kampanjat<\/a>.<\/div>\n<div style=\"margin-top: 0px; margin-bottom: 0px;\" class=\"sharethis-inline-share-buttons\" ><\/div>","protected":false},"excerpt":{"rendered":"<p>Kingmaker AT \u2013 Majest\u00e4tisches Online-Gaming Kingmaker Casino ist der perfekte Ort f\u00fcr alle, die k\u00f6nigliche Behandlung sch\u00e4tzen. Von Slots bis Live-Casino ist alles vorhanden. Die Benutzeroberfl\u00e4che ist elegant gestaltet und erm\u00f6glicht einfache Navigation zu allen Spielkategorien. Aloita pelailu helposti: one casino tervetuliaisbonus vie sinut suoraan sivustolle. Kun haluat selke\u00e4n kokonaiskuvan, siirry one casino promokoodi ja [&hellip;]<\/p>\n<div style=\"margin-top: 0px; margin-bottom: 0px;\" class=\"sharethis-inline-share-buttons\" data-url=https:\/\/nzbusinesssale.co.nz\/nz\/><\/div>\n","protected":false},"author":1,"featured_media":0,"parent":0,"menu_order":0,"comment_status":"closed","ping_status":"closed","template":"templates\/home.php","meta":{"footnotes":""},"class_list":["post-2","page","type-page","status-publish","hentry"],"translation":{"provider":"WPGlobus","version":"3.0.2","language":"nz","enabled_languages":["zh","nz"],"languages":{"zh":{"title":true,"content":true,"excerpt":false},"nz":{"title":false,"content":false,"excerpt":false}}},"_links":{"self":[{"href":"https:\/\/nzbusinesssale.co.nz\/nz\/wp-json\/wp\/v2\/pages\/2","targetHints":{"allow":["GET"]}}],"collection":[{"href":"https:\/\/nzbusinesssale.co.nz\/nz\/wp-json\/wp\/v2\/pages"}],"about":[{"href":"https:\/\/nzbusinesssale.co.nz\/nz\/wp-json\/wp\/v2\/types\/page"}],"author":[{"embeddable":true,"href":"https:\/\/nzbusinesssale.co.nz\/nz\/wp-json\/wp\/v2\/users\/1"}],"replies":[{"embeddable":true,"href":"https:\/\/nzbusinesssale.co.nz\/nz\/wp-json\/wp\/v2\/comments?post=2"}],"version-history":[{"count":5,"href":"https:\/\/nzbusinesssale.co.nz\/nz\/wp-json\/wp\/v2\/pages\/2\/revisions"}],"predecessor-version":[{"id":28466,"href":"https:\/\/nzbusinesssale.co.nz\/nz\/wp-json\/wp\/v2\/pages\/2\/revisions\/28466"}],"wp:attachment":[{"href":"https:\/\/nzbusinesssale.co.nz\/nz\/wp-json\/wp\/v2\/media?parent=2"}],"curies":[{"name":"wp","href":"https:\/\/api.w.org\/{rel}","templated":true}]}}